{"id":7,"date":"2019-12-02T07:15:46","date_gmt":"2019-12-02T07:15:46","guid":{"rendered":"http:\/\/tvtinvest.com\/?page_id=7"},"modified":"2019-12-21T14:01:03","modified_gmt":"2019-12-21T14:01:03","slug":"gioi-thieu","status":"publish","type":"page","link":"http:\/\/tvtinvest.com\/?page_id=7","title":{"rendered":"GI\u1edaI THI\u1ec6U"},"content":{"rendered":"<p style=\"text-align: justify;\"><span style=\"font-size: 20px;\">TVTinvest.com l\u00e0 trang web \u0111\u1ea1i di\u1ec7n cho C\u00f4ng ty T\u01b0 v\u1ea5n v\u00e0 \u0110\u1ea7u t\u01b0 TVT (C\u00f4ng ty TVT) \u0111\u01b0\u1ee3c l\u1eadp ra v\u1edbi m\u1ee5c ti\u00eau chia s\u1ebb nh\u1eefng th\u00f4ng tin h\u1eefu \u00edch, \u0111\u01b0\u1ee3c ch\u00fang t\u00f4i nghi\u00ean c\u1ee9u, s\u01b0u t\u1ea7m bi\u00ean t\u1eadp l\u1ea1i d\u01b0\u1edbi g\u00f3c nh\u00ecn c\u1ee7a m\u00ecnh, v\u1ec1 nh\u1eefng ki\u1ebfn th\u1ee9c nh\u1eb1m n\u00e2ng cao t\u01b0 duy, t\u1ea7m nh\u00ecn v\u1ec1 cu\u1ed9c s\u1ed1ng v\u00e0 \u0111\u1ea7u t\u01b0 ch\u1ee9ng kho\u00e1n. V\u1edbi mong mu\u1ed1n vi\u1ec7c chia s\u1ebb n\u00e0y s\u1ebd thu h\u00fat \u0111\u01b0\u1ee3c nhi\u1ec1u ng\u01b0\u1eddi c\u00f3 chung ch\u00ed h\u01b0\u1edbng, mu\u1ed1n h\u1ecdc h\u1ecfi n\u00e2ng cao ki\u1ebfn th\u1ee9c, li\u00ean k\u1ebft l\u1ea1i v\u1edbi nhau t\u1ea1o n\u00ean c\u1ed9ng \u0111\u1ed3ng c\u00f3 \u00fd th\u1ee9c, n\u0103ng l\u1ef1c, t\u01b0 duy r\u1ed9ng m\u1edf, c\u00f9ng gi\u00fap \u0111\u1ee1 l\u1eabn nhau \u0111\u1ec3 ph\u00e1t tri\u1ec3n n\u0103ng l\u1ef1c c\u00e1 nh\u00e2n, \u0111\u1ed1i m\u1eb7t v\u1edbi m\u1ecdi v\u1ea5n \u0111\u1ec1 cu\u1ed9c s\u1ed1ng v\u00e0 \u0110\u1ea7u t\u01b0 th\u00e0nh c\u00f4ng.<\/span><\/p>\n<p style=\"text-align: justify;\"><span style=\"font-size: 20px;\">\u00a0\u1ede ngo\u00e0i kia c\u00f3 r\u1ea5t nhi\u1ec1u trang web \u0111\u00e3 v\u00e0 \u0111ang chia s\u1ebb th\u00f4ng tin v\u1ec1 \u0111\u1ea7u t\u01b0 ch\u1ee9ng kho\u00e1n t\u1ea1i sao l\u1ea1i c\u1ea7n th\u00eam tvtinvest.com \u0111\u1ec3 l\u00e0m g\u00ec? v\u00e0 tvtinvest.com c\u00f3 g\u00ec kh\u00e1c bi\u1ec7t? V\u1edbi m\u1ed9t ng\u01b0\u1eddi t\u1eebng tham gia th\u1ecb tr\u01b0\u1eddng l\u00e2u n\u0103m, \u0111\u00e3 \u0111\u1ecdc kh\u00f4ng bi\u1ebft bao nhi\u00eau trang chia s\u1ebb ki\u1ebfn th\u1ee9c, c\u00e1c k\u00eanh youtube, Bloger,&#8230; nh\u01b0ng v\u1ec1 \u0111i\u1ec3m chung ph\u1ea7n l\u1edbn h\u1ecd l\u00e0 nh\u1eefng ng\u01b0\u1eddi chia s\u1ebb th\u00f4ng tin nh\u1eb1m m\u1ee5c ti\u00eau k\u00eau g\u1ecdi c\u00e1c nh\u00e0 \u0111\u1ea7u t\u01b0 c\u00e1 nh\u00e2n tham gia c\u00e1c l\u1edbp h\u1ecdc do h\u1ecd t\u1ed5 ch\u1ee9c, ho\u1eb7c c\u00e1c m\u00f4i gi\u1edbi ch\u1ee9ng kho\u00e1n k\u00eau g\u1ecdi c\u00e1c nh\u00e0 \u0111\u1ea7u t\u01b0 m\u1edf t\u00e0i kho\u1ea3n \u1edf ch\u1ed7 h\u1ecd,&#8230;n\u00ean ph\u1ea7n l\u1edbn th\u00f4ng tin m\u00e0 h\u1ecd chia s\u1ebb nh\u1eb1m m\u1ee5c ti\u00eau ri\u00eang c\u1ee7a h\u1ecd n\u00ean th\u01b0\u1eddng kh\u00f4ng \u0111\u1ea7y \u0111\u1ee7. M\u1ed9t s\u1ed1 th\u00ec ki\u1ebfn th\u1ee9c, kinh nghi\u1ec7m ch\u01b0a nhi\u1ec1u nh\u01b0ng th\u00edch th\u1ec3 hi\u1ec7n m\u00ecnh chia s\u1ebb nh\u1eefng ki\u1ebfn th\u1ee9c l\u1ec7ch l\u1ea1c, sai l\u1ea7m. M\u1ed9t s\u1ed1 kh\u00e1c c\u00f3 ki\u1ebfn th\u1ee9c, kinh nghi\u1ec7m t\u1ed1t, c\u00e1c nh\u00e0 \u0111\u1ea7u t\u01b0 l\u1edbn,.. h\u1ecd chia s\u1ebb th\u00f4ng tin nh\u1eb1m m\u1ee5c ti\u00eau l\u00f4i k\u00e9o c\u00e1c nh\u00e0 \u0111\u1ea7u t\u01b0 tham gia c\u00e1c c\u1ed5 phi\u1ebfu m\u00e0 h\u1ecd l\u00e0 \u0111\u1ed9i l\u00e1i, h\u1ecd th\u1ea3 th\u00ednh \u0111\u1ec3 l\u00e0m gi\u00e1 ch\u1ee9ng kho\u00e1n, \u0111\u1ed5 b\u00f4 l\u00ean \u0111\u1ea7u ng\u01b0\u1eddi kh\u00e1c,&#8230;Nh\u1eefng \u0111i\u1ec1u n\u00e0y \u1ea3nh h\u01b0\u1edfng r\u1ea5t l\u1edbn \u0111\u1ebfn c\u00e1c th\u1ebf h\u1ec7 nh\u00e0 \u0111\u1ea7u t\u01b0 m\u1edbi c\u0169ng nh\u01b0 th\u1ecb tr\u01b0\u1eddng chung trong d\u00e0i h\u1ea1n. V\u1edbi tvtinvest.com ch\u1ee7 trang web l\u00e0 nh\u00e0 \u0111\u1ea7u t\u01b0 \u0111\u1ed9c l\u1eadp, kh\u00f4ng tham gia \u0111\u00e0o t\u1ea1o, hay m\u00f4i gi\u1edbi,&#8230;n\u00ean vi\u1ec7c chia s\u1ebb th\u00f4ng tin l\u00e0 ho\u00e0n to\u00e0n trung th\u1ef1c, kh\u00f4ng v\u1ee5 l\u1ee3i, c\u00f3 ch\u0103ng ch\u1ec9 <\/span><span style=\"font-size: 20px;\">\u00a0<\/span><span style=\"font-size: 20px;\">l\u00e0 mong <\/span><span style=\"font-size: 20px;\">mu\u1ed1n c\u00e1c nh\u00e0 \u0111\u1ea7u t\u01b0 c\u00e1 nh\u00e2n th\u00f4ng minh h\u01a1n \u0111\u1ec3 khi th\u1ecb tr\u01b0\u1eddng x\u1ea5u, h\u1ecd c\u00f3 c\u00e1ch x\u1eed l\u00fd th\u00f4ng minh h\u01a1n n\u00ean h\u1ecd v\u00e0 t\u00f4i c\u0169ng nh\u01b0 th\u1ecb tr\u01b0\u1eddng chung \u0111\u1ec1u \u0111\u01b0\u1ee3c h\u01b0\u1edfng l\u1ee3i. \u0110i\u1ec3m kh\u00e1c bi\u1ec7t l\u1edbn nh\u1ea5t theo t\u00f4i l\u00e0 TVTinvest chia s\u1ebb c\u00e1c ki\u1ebfn th\u1ee9c c\u01a1 b\u1ea3n nh\u1ea5t t\u1eadp trung v\u00e0o ph\u00e1t tri\u1ec3n t\u01b0 duy, k\u1ef9 n\u0103ng v\u1ec1 cu\u1ed9c s\u1ed1ng t\u1eeb \u0111\u00f3 c\u00f3 c\u00e1i nh\u00ecn th\u1ef1c t\u1ebf h\u01a1n trong \u0111\u1ea7u t\u01b0, gi\u00fap cho m\u1ed7i ng\u01b0\u1eddi c\u00f3 th\u1ec3 t\u01b0 t\u1ef1 x\u00e2y d\u1ef1ng cho m\u00ecnh c\u00f3 c\u00e1ch t\u01b0 duy suy ngh\u0129 v\u00e0 ph\u01b0\u01a1ng ph\u00e1p \u0111\u1ea7u t\u01b0 \u0111\u1ed9c l\u1eadp, ph\u00f9 h\u1ee3p nh\u1ea5t v\u1edbi c\u00e1 t\u00ednh, n\u0103ng l\u1ef1c c\u1ee7a m\u1ed7i ng\u01b0\u1eddi. Kh\u00f4ng ph\u1ee5 thu\u1ed9c v\u00e0o ng\u01b0\u1eddi kh\u00e1c &#8220;<em>N\u1ebfu b\u1ea1n \u0111i theo \u0111\u00e1m \u0111\u00f4ng b\u1ea1n ch\u1ec9 c\u00f3 th\u1ec3 \u0111\u1ea1t \u0111\u01b0\u1ee3c k\u1ebft qu\u1ea3 b\u1eb1ng ho\u1eb7c nh\u1ecf h\u01a1n \u0111\u00e1m \u0111\u00f4ng, mu\u1ed1n th\u00e0nh c\u00f4ng t\u1ee9c l\u00e0 b\u1ea1n ph\u1ea3i \u0111\u1ea1t \u0111\u01b0\u1ee3c k\u1ebft qu\u1ea3 t\u1ed1t h\u01a1n \u0111\u00e1m \u0111\u00f4ng, do \u0111\u00f3 bu\u1ed9c b\u1ea1n ph\u1ea3i suy ngh\u0129, h\u00e0nh \u0111\u1ed9ng \u0111\u1ed9c l\u1eadp, kh\u00e1c bi\u1ec7t v\u1edbi \u0111\u00e1m \u0111\u00f4ng \u0111\u00f3<\/em>&#8220;.<\/span><\/p>\n<p style=\"text-align: justify;\"><span style=\"font-size: 20px;\">V\u1edbi suy ngh\u0129, \u0111\u1ec3 tr\u1edf th\u00e0nh nh\u00e0 \u0111\u1ea7u t\u01b0 ch\u1ee9ng kho\u00e1n th\u00e0nh c\u00f4ng tr\u01b0\u1edbc h\u1ebft m\u1ed7i ng\u01b0\u1eddi ph\u1ea3i t\u1ef1 trang b\u1ecb cho m\u00ecnh nh\u1eefng ki\u1ebfn th\u1ee9c chung v\u1ec1 cu\u1ed9c s\u1ed1ng nh\u01b0: T\u1ef1 nh\u1eadn bi\u1ebft v\u1ec1 b\u1ea3n th\u00e2n m\u00ecnh l\u00e0 ai? M\u00ecnh mu\u1ed1n g\u00ec? M\u00ecnh \u0111\u00e3 th\u00e0nh c\u00f4ng ch\u01b0a? T\u1ea1i sao?; Th\u1ebf gi\u1edbi xung quanh \u0111ang v\u1eadn h\u00e0nh theo nh\u1eefng quy lu\u1eadt n\u00e0o? Nh\u1eefng ng\u01b0\u1eddi th\u00e0nh c\u00f4ng h\u1ecd l\u00e0 ai? H\u1ecd th\u01b0\u1eddng suy ngh\u0129 g\u00ec, l\u00e0m g\u00ec h\u00e0ng ng\u00e0y \u0111\u1ec3 th\u00e0nh c\u00f4ng?;\u2026.\u0110\u1ec3 tr\u1ea3 l\u1eddi c\u00e1c c\u00e2u h\u1ecfi tr\u00ean ng\u01b0\u1eddi \u0111\u1ecdc s\u1ebd t\u00ecm th\u1ea5y \u1edf n\u1ed9i dung c\u00e1c b\u00e0i vi\u1ebft \u0111\u0103ng trong chuy\u00ean m\u1ee5c: <strong>G\u00f3c nh\u00ecn cu\u1ed9c s\u1ed1ng<\/strong> \u0111\u01b0\u1ee3c chia s\u1ebb h\u00e0ng ng\u00e0y, m\u1ed7i ng\u00e0y m\u1ed9t\u00a0 b\u00e0i vi\u1ebft \u0111\u1ec3 tr\u1ea3 l\u1eddi m\u1ed9t c\u00e2u h\u1ecfi nh\u01b0 t\u1ef1a \u0111\u1ec1 b\u00e0i vi\u1ebft n\u00eau ra, th\u1ec3 hi\u1ec7n m\u1ed9t g\u00f3c nh\u00ecn v\u1ec1 c\u00e1c v\u1ea5n \u0111\u1ec1 c\u1ee7a cu\u1ed9c s\u1ed1ng <\/span><span style=\"font-size: 20px;\">\u0111\u1ec3 m\u1ecdi ng\u01b0\u1eddi c\u00f9ng <\/span><span style=\"font-size: 20px;\">nhau \u0111\u1ecdc, suy ng\u1eabm v\u00e0 h\u1ecdc h\u1ecfi.<\/span><\/p>\n<p style=\"text-align: justify;\"><span style=\"font-size: 20px;\">C\u00f4ng ty TVT ho\u1ea1t \u0111\u1ed9ng trong l\u0129nh v\u1ef1c \u0111\u1ea7u t\u01b0 ch\u1ee9ng kho\u00e1n l\u00e2u n\u0103m, c\u00f3 m\u1ed9t s\u1ed1 ki\u1ebfn th\u1ee9c, kinh nghi\u1ec7m v\u00e0 g\u00f3c nh\u00ecn c\u1ee7a m\u00ecnh s\u1ebd \u0111\u01b0\u1ee3c chia s\u1ebb trong Chuy\u00ean m\u1ee5c: <strong>G\u00f3c nh\u00ecn v\u1ec1 \u0110\u1ea7u t\u01b0<\/strong>. T\u1ea1i \u0111\u00e2y ch\u00fang t\u00f4i mu\u1ed1n chia s\u1ebb v\u1ec1 m\u1ed9t s\u1ed1 ki\u1ebfn th\u1ee9c chung nh\u01b0: Th\u1ecb tr\u01b0\u1eddng ch\u1ee9ng kho\u00e1n l\u00e0 g\u00ec? Ho\u1ea1t \u0111\u1ed9ng th\u1ebf n\u00e0o? C\u00e1c th\u00e0nh ph\u1ea7n tham gia th\u1ecb tr\u01b0\u1eddng l\u00e0 nh\u1eefng ai? M\u00ecnh l\u00e0 ai trong th\u1ecb tr\u01b0\u1eddng? Nh\u1eefng nh\u00e0 \u0111\u1ea7u t\u01b0 th\u00e0nh c\u00f4ng h\u1ecd suy ngh\u0129 v\u00e0 h\u00e0nh \u0111\u1ed9ng th\u1ebf n\u00e0o? V\u1edbi m\u00ecnh c\u1ea7n t\u01b0 duy suy ngh\u0129 th\u1ebf n\u00e0o \u0111\u1ec3 \u0111\u1ea7u t\u01b0 th\u00e0nh c\u00f4ng?,&#8230; v\u00e0 m\u1ed9t s\u1ed1 ki\u1ebfn th\u1ee9c \u0111\u01b0\u1ee3c ch\u00fang t\u00f4i \u0111\u00fac r\u00fat ra trong qu\u00e1 tr\u00ecnh \u0111\u1ea7u t\u01b0, th\u1ec3 hi\u1ec7n t\u01b0 duy v\u00e0 tri\u1ebft l\u00fd \u0111\u1ea7u t\u01b0 c\u1ee7a ch\u00fang t\u00f4i nh\u01b0: C\u00e1ch ph\u00e2n b\u1ed5 danh m\u1ee5c \u0111\u1ea7u t\u01b0; C\u00e1ch t\u01b0 duy v\u00e0 tri\u1ebft l\u00fd l\u1ef1a ch\u1ecdn c\u1ed5 phi\u1ebfu \u0111\u1ec3 \u0111\u1ea7u t\u01b0,\u2026v\u00e0 qua \u0111\u00e2y ch\u00fang t\u00f4i c\u0169ng mu\u1ed1n chia s\u1ebb nh\u1eefng b\u00e0i vi\u1ebft hay, nh\u1eefng kinh nghi\u1ec7m c\u1ee7a c\u00e1c nh\u00e0 \u0111\u1ea7u t\u01b0 th\u00e0nh c\u00f4ng \u0111\u00e3 \u0111\u01b0\u1ee3c \u0111\u0103ng tr\u00ean c\u00e1c trang m\u1ea1ng, c\u00e1c cu\u1ed1n s\u00e1ch, \u0111\u01b0\u1ee3c ch\u00fang t\u00f4i s\u01b0u t\u1ea7m, \u0111i\u1ec1u ch\u1ec9nh l\u1ea1i ch\u00fat \u00edt theo g\u00f3c nh\u00ecn c\u1ee7a m\u00ecnh \u0111\u1ec3 h\u1ecdc h\u1ecfi v\u00e0 nay mu\u1ed1n chia s\u1ebb \u0111\u1ec3 m\u1ecdi ng\u01b0\u1eddi c\u00f9ng \u0111\u1ecdc v\u00e0 suy ng\u1eabm.<\/span><\/p>\n<p style=\"text-align: justify;\"><span style=\"font-size: 20px;\">M\u1ecdi \u00fd ki\u1ebfn g\u00f3p \u00fd, th\u1eafc m\u1eafc ho\u1eb7c th\u00f4ng tin <\/span><span style=\"font-size: 20px;\">chia s\u1ebb<\/span><span style=\"font-size: 20px;\"> c\u1ee7a ng\u01b0\u1eddi \u0111\u1ecdc th\u1ef1c hi\u1ec7n \u1edf ph\u1ea7n d\u01b0\u1edbi c\u1ee7a m\u1ed7i b\u00e0i. C\u00e1c v\u1ea5n \u0111\u1ec1 li\u00ean quan kh\u00e1c mong nh\u1eadn \u0111\u01b0\u1ee3c ph\u1ea3n h\u1ed3i t\u1ea1i chuy\u00ean m\u1ee5c: <\/span><strong style=\"font-size: 20px;\">\u0110\u1ecba ch\u1ec9 li\u00ean h\u1ec7<\/strong><span style=\"font-size: 20px;\"> qua Email hay s\u1ed1 \u0111i\u1ec7n tho\u1ea1i \u0111\u00e3 \u0111\u1ec1 c\u1eadp. TVTinvest r\u1ea5t mong nh\u1eadn \u0111\u01b0\u1ee3c nhi\u1ec1u ph\u1ea3n h\u1ed3i c\u1ee7a m\u1ecdi ng\u01b0\u1eddi \u0111\u1ec3 xem x\u00e9t \u0111i\u1ec1u ch\u1ec9nh c\u00e1c n\u1ed9i dung b\u00e0i vi\u1ebft, c\u0169ng l\u00e0 \u0111i\u1ec1u ch\u1ec9nh l\u1ea1i g\u00f3c nh\u00ecn c\u1ee7a m\u00ecnh v\u1ec1 c\u00e1c v\u1ea5n \u0111\u1ec1 \u0111\u01b0\u1ee3c ph\u1ea3n h\u1ed3i, v\u1edbi mong mu\u1ed1n m\u00ecnh \u0111\u01b0\u1ee3c ho\u00e0n thi\u1ec7n h\u01a1n theo th\u1eddi gian. R\u1ea5t mong ch\u1edd c\u00e1c \u00fd ki\u1ebfn g\u00f3p \u00fd, chia s\u1ebb t\u1eeb ng\u01b0\u1eddi \u0111\u1ecdc.<\/span><\/p>\n<p style=\"text-align: justify;\"><span style=\"font-size: 20px;\"><em>Khuy\u1ebfn ngh\u1ecb:<\/em> Trong l\u0129nh v\u1ef1c \u0111\u1ea7u t\u01b0 t\u00e0i ch\u00ednh m\u1ecdi ng\u01b0\u1eddi tham gia v\u00ec l\u1ee3i \u00edch c\u00e1 nh\u00e2n l\u00e0 kh\u00f4ng th\u1ec3 tr\u00e1nh kh\u1ecfi, C\u00f4ng ty TVT c\u0169ng v\u1eady. V\u00ec v\u1eady, \u0111\u1ec3 tr\u00e1nh xung \u0111\u1ed9t l\u1ee3i \u00edch, c\u00f9ng nhau h\u1ee3p t\u00e1c l\u00e2u d\u00e0i, ng\u01b0\u1eddi \u0111\u1ecdc n\u00ean l\u01b0u \u00fd r\u1eb1ng: C\u00e1c b\u00e0i vi\u1ebft ch\u1ec9 n\u00eau quan \u0111i\u1ec3m, \u00fd ki\u1ebfn c\u00e1 nh\u00e2n ng\u01b0\u1eddi vi\u1ebft, d\u1ef1a tr\u00ean n\u0103ng l\u1ef1c hi\u1ec3u bi\u1ebft, kinh nghi\u1ec7m v\u00e0 t\u00e2m l\u00fd c\u00e1 nh\u00e2n t\u1ea1i th\u1eddi \u0111i\u1ec3m \u0111\u01b0a tin. Do \u0111\u00f3 ng\u01b0\u1eddi \u0111\u1ecdc c\u1ea7n ch\u1ecdn l\u1ecdc, c\u00e2n nh\u1eafc ch\u1ec9 s\u1eed d\u1ee5ng th\u00f4ng tin \u0111\u1ec3 tham kh\u1ea3o, b\u1ed5 sung th\u00eam cho g\u00f3c nh\u00ecn c\u1ee7a m\u00ecnh v\u1ec1 v\u1ea5n \u0111\u1ec1 \u0111\u01b0\u1ee3c ng\u01b0\u1eddi vi\u1ebft n\u00eau ra, kh\u00f4ng n\u00ean th\u1ef1c hi\u1ec7n quy\u1ebft \u0111\u1ecbnh \u0111\u1ea7u t\u01b0 theo c\u00e1c n\u1ed9i dung c\u00e1c b\u00e0i vi\u1ebft \u0111\u1ec1 c\u1eadp, v\u00ec c\u00e1c th\u00f4ng tin \u0111\u00f3 c\u00f3 \u00edch cho ng\u01b0\u1eddi n\u00e0y nh\u01b0ng ch\u01b0a ch\u1eafc \u0111\u00e3 c\u00f3 l\u1ee3i cho ng\u01b0\u1eddi kh\u00e1c, v\u1ea3 l\u1ea1i th\u1eddi \u0111i\u1ec3m \u0111\u1ec1 c\u1eadp v\u00e0 hi\u1ec7n t\u1ea1i khi b\u1ea1n \u0111\u1ecdc \u0111\u01b0\u1ee3c th\u00f4ng tin l\u00e0 kh\u00e1c nhau, n\u00ean gi\u00e1 tr\u1ecb c\u1ee7a th\u00f4ng tin c\u0169ng \u0111\u00e3 thay \u0111\u1ed5i r\u1ea5t nhi\u1ec1u. M\u1eb7t kh\u00e1c th\u1ecb tr\u01b0\u1eddng lu\u00f4n thay \u0111\u1ed5i r\u1ea5t nhanh theo th\u1eddi gian.<\/span><\/p>\n<p style=\"text-align: justify;\"><span style=\"font-size: 20px;\">Mong mu\u1ed1n t\u1ea1o \u0111\u01b0\u1ee3c c\u1ed9ng \u0111\u1ed3ng c\u00e1c nh\u00e0 \u0111\u1ea7u t\u01b0 nh\u1ecf l\u1ebb c\u00f3 c\u00f9ng quan \u0111i\u1ec3m, t\u01b0 duy cu\u1ed9c s\u1ed1ng, t\u01b0 duy \u0111\u1ea7u t\u01b0, li\u00ean k\u1ebft l\u1ea1i v\u1edbi nhau c\u00f9ng chia s\u1ebb v\u00e0 h\u1ecdc h\u1ecfi l\u1eabn nhau, n\u00e2ng cao n\u0103ng l\u1ef1c cho m\u1ed7i ng\u01b0\u1eddi nh\u1edd s\u1ee9c m\u1ea1nh t\u1eadp th\u1ec3. M\u1ed7i ng\u00e0y m\u1ed9t \u00edt, theo th\u1eddi gian ki\u1ebfn th\u1ee9c ng\u00e0y c\u00e0ng \u0111\u01b0\u1ee3c t\u00edch l\u0169y nhi\u1ec1u l\u00ean, t\u1ea7m v\u00f3c c\u1ee7a nh\u00f3m c\u0169ng nh\u01b0 m\u1ed7i ng\u01b0\u1eddi s\u1ebd cao l\u1edbn h\u01a1n, gi\u00fap ch\u00fang ta c\u00f3 t\u1ea7m nh\u00ecn xa, tr\u00f4ng r\u1ed9ng, suy ngh\u0129 s\u00e1ng su\u1ed1t, c\u1ea3m x\u00fac r\u00f5 r\u00e0ng, h\u00e0nh \u0111\u1ed9ng \u0111\u00fang \u0111\u1eafn v\u00e0 k\u1ebft qu\u1ea3 \u0111\u1ea7u t\u01b0 ng\u00e0y m\u1ed9t th\u00e0nh c\u00f4ng h\u01a1n, cu\u1ed9c s\u1ed1ng h\u1ea1nh ph\u00fac h\u01a1n.<\/span><\/p>\n<p style=\"text-align: right;\"><span style=\"font-size: 20px;\"><strong>C\u00d4NG TY C\u1ed4 PH\u1ea6N T\u01af V\u1ea4N V\u00c0 \u0110\u1ea6U T\u01af TVT<\/strong><\/span><\/p>\n","protected":false},"excerpt":{"rendered":"<p>TVTinvest.com l\u00e0 trang web \u0111\u1ea1i di\u1ec7n cho C\u00f4ng ty T\u01b0 v\u1ea5n v\u00e0 \u0110\u1ea7u t\u01b0 TVT (C\u00f4ng ty TVT) \u0111\u01b0\u1ee3c l\u1eadp ra v\u1edbi m\u1ee5c ti\u00eau chia s\u1ebb nh\u1eefng th\u00f4ng tin h\u1eefu \u00edch, \u0111\u01b0\u1ee3c ch\u00fang t\u00f4i nghi\u00ean c\u1ee9u, s\u01b0u t\u1ea7m bi\u00ean t\u1eadp l\u1ea1i d\u01b0\u1edbi g\u00f3c nh\u00ecn c\u1ee7a m\u00ecnh, v\u1ec1 nh\u1eefng ki\u1ebfn th\u1ee9c nh\u1eb1m n\u00e2ng cao t\u01b0 duy, t\u1ea7m nh\u00ecn v\u1ec1 cu\u1ed9c s\u1ed1ng [&#8230;]<\/p>\n","protected":false},"author":1,"featured_media":0,"parent":0,"menu_order":0,"comment_status":"open","ping_status":"closed","template":"","meta":[],"_links":{"self":[{"href":"http:\/\/tvtinvest.com\/index.php?rest_route=\/wp\/v2\/pages\/7"}],"collection":[{"href":"http:\/\/tvtinvest.com\/index.php?rest_route=\/wp\/v2\/pages"}],"about":[{"href":"http:\/\/tvtinvest.com\/index.php?rest_route=\/wp\/v2\/types\/page"}],"author":[{"embeddable":true,"href":"http:\/\/tvtinvest.com\/index.php?rest_route=\/wp\/v2\/users\/1"}],"replies":[{"embeddable":true,"href":"http:\/\/tvtinvest.com\/index.php?rest_route=%2Fwp%2Fv2%2Fcomments&post=7"}],"version-history":[{"count":24,"href":"http:\/\/tvtinvest.com\/index.php?rest_route=\/wp\/v2\/pages\/7\/revisions"}],"predecessor-version":[{"id":2045,"href":"http:\/\/tvtinvest.com\/index.php?rest_route=\/wp\/v2\/pages\/7\/revisions\/2045"}],"wp:attachment":[{"href":"http:\/\/tvtinvest.com\/index.php?rest_route=%2Fwp%2Fv2%2Fmedia&parent=7"}],"curies":[{"name":"wp","href":"https:\/\/api.w.org\/{rel}","templated":true}]}}